{"id":10,"date":"2020-01-21T08:38:10","date_gmt":"2020-01-21T08:38:10","guid":{"rendered":"https:\/\/www.pretterhofer-immo.at\/?page_id=10"},"modified":"2021-06-17T10:28:09","modified_gmt":"2021-06-17T10:28:09","slug":"ueber-uns","status":"publish","type":"page","link":"https:\/\/www.pretterhofer-immo.at\/","title":{"rendered":"\u00dcber Uns"},"content":{"rendered":"<p>[vc_row][vc_column][vc_gallery type=&#8221;nivo&#8221; interval=&#8221;3&#8243; images=&#8221;156,155&#8243; img_size=&#8221;full&#8221;][\/vc_column][\/vc_row][vc_row][vc_column][vc_column_text]<\/p>\n<div class=\"csc-header csc-header-n1\">\n<h1 class=\"csc-firstHeader\">Herzlich Willkommen bei Pretterhofer Immobilien und Finanzservice !<\/h1>\n<p>&nbsp;<\/p>\n<\/div>\n<div class=\"csc-textpic csc-textpic-intext-left\">\n<div class=\"csc-textpic-text\">\n<p class=\"bodytext\">Wenn Sie ein Haus, eine Wohnung, ein Grundst\u00fcck oder andere <b>Immobilien verkaufen oder kaufen <\/b>(bzw. <b>vermieten oder mieten<\/b>) m\u00f6chten, dann sind Sie bei uns richtig. Beim Verkauf Ihrer Immobilie ist unser Ziel rasch einen K\u00e4ufer f\u00fcr Ihre Immobilie zu finden und den Verkaufsprozess so angenehm als m\u00f6glich f\u00fcr Sie durchzuf\u00fchren. Daf\u00fcr werden von uns geeignete Werbemittel (Internetauftritte, Inserate in Printmedien, Werbetafeln, Aush\u00e4nge, Werbebl\u00e4tter etc.) erstellt und f\u00fcr Sie kostenlos eingesetzt. F\u00fcr eine unverbindliche und kostenlose <b>Wertsch\u00e4tzung Ihrer Immobilie <\/b>stehe ich Ihnen gerne zur Verf\u00fcgung.<\/p>\n<p>Interessenten f\u00fcr Immobilien k\u00f6nnen die zum Verkauf (zur Vermietung) stehenden Immobilien unverbindlich und kostenlos mit uns besichtigen. Bei Kaufinteresse werden Sie beim gesamten Kaufprozess sowie bei <b>Finanzierungsfragen <\/b>von uns seri\u00f6s und kompetent beraten und unterst\u00fctzt.<\/p>\n<p>Weiters k\u00f6nnen wir Ihnen f\u00fcr Sie ma\u00dfgeschneiderte, qualitativ hochwertige <b>Neubauten bzw. Fertigteilh\u00e4user <\/b>anbieten und Sie beim Bau beraten und unterst\u00fctzen.<\/p>\n<p>Zur steuerschonenden Vorsorge (besonders f\u00fcr Personen mit h\u00f6herem Einkommen zu empfehlen) k\u00f6nnen Sie auch sichere und wertbest\u00e4ndige <b>Anlage- bzw. Vorsorgewohnungen <\/b>bei uns erwerben, wobei Sie sich um keine Verwaltung, Vermietung, Inkasso, Facility Management k\u00fcmmern m\u00fcssen.<\/p>\n<p>Im Finanzbereich stehen wir Ihnen f\u00fcr eine seri\u00f6se Finanzierungsberatung, f\u00fcr eine kompetente <b>Beratung zur Geldanlage<\/b>, sowie f\u00fcr g\u00fcnstige <b>Versicherungsangebote <\/b>gerne zur Verf\u00fcgung.<\/p>\n<p>F\u00fcr weitere Fragen, W\u00fcnsche oder Verbesserungsvorschl\u00e4ge stehe ich Ihnen gerne zur Verf\u00fcgung.<\/p>\n<\/div>\n<\/div>\n<p>[\/vc_column_text][\/vc_column][\/vc_row][vc_row][vc_column width=&#8221;1\/4&#8243;][vc_column_text]<img loading=\"lazy\" class=\"alignnone size-medium wp-image-87\" src=\"https:\/\/www.pretterhofer-immo.at\/wp-content\/uploads\/2020\/01\/Bildschirmfoto-2020-01-21-um-10.02.03-217x300.png\" alt=\"\" width=\"217\" height=\"300\" srcset=\"https:\/\/www.pretterhofer-immo.at\/wp-content\/uploads\/2020\/01\/Bildschirmfoto-2020-01-21-um-10.02.03-217x300.png 217w, https:\/\/www.pretterhofer-immo.at\/wp-content\/uploads\/2020\/01\/Bildschirmfoto-2020-01-21-um-10.02.03.png 504w\" sizes=\"(max-width: 217px) 100vw, 217px\" \/>[\/vc_column_text][\/vc_column][vc_column width=&#8221;3\/4&#8243;][vc_column_text]Mit freundlichen Gr\u00fc\u00dfen<br \/>\nWalter Pretterhofer<br \/>\nTel.: 0664 \/ 73 67 24 73<br \/>\nemail: <a>pretterhofer@pretterhofer-immo.at<\/a><\/p>\n<p>Konzessionierter Immobilienmakler (GISA-Zahl: 19456508)<br \/>\nGewerblicher Verm\u00f6gensberater (GISA-Zahl: 19439020)<br \/>\nUnabh\u00e4ngiger Versicherungsmakler (GISA-Zahl: 19458595)[\/vc_column_text][\/vc_column][\/vc_row]<\/p>\n","protected":false},"excerpt":{"rendered":"<p>[vc_row][vc_column][vc_gallery type=&#8221;nivo&#8221; interval=&#8221;3&#8243; images=&#8221;156,155&#8243; img_size=&#8221;full&#8221;][\/vc_column][\/vc_row][vc_row][vc_column][vc_column_text] Herzlich Willkommen bei Pretterhofer Immobilien und Finanzservice ! &nbsp; Wenn Sie ein Haus, eine Wohnung, ein Grundst\u00fcck oder andere Immobilien verkaufen oder kaufen (bzw. vermieten oder mieten) m\u00f6chten, dann sind Sie bei uns richtig. Beim Verkauf Ihrer Immobilie ist unser Ziel rasch einen K\u00e4ufer f\u00fcr Ihre Immobilie zu finden und&hellip;<\/p>\n","protected":false},"author":1,"featured_media":0,"parent":0,"menu_order":0,"comment_status":"closed","ping_status":"closed","template":"","meta":[],"_links":{"self":[{"href":"https:\/\/www.pretterhofer-immo.at\/index.php?rest_route=\/wp\/v2\/pages\/10"}],"collection":[{"href":"https:\/\/www.pretterhofer-immo.at\/index.php?rest_route=\/wp\/v2\/pages"}],"about":[{"href":"https:\/\/www.pretterhofer-immo.at\/index.php?rest_route=\/wp\/v2\/types\/page"}],"author":[{"embeddable":true,"href":"https:\/\/www.pretterhofer-immo.at\/index.php?rest_route=\/wp\/v2\/users\/1"}],"replies":[{"embeddable":true,"href":"https:\/\/www.pretterhofer-immo.at\/index.php?rest_route=%2Fwp%2Fv2%2Fcomments&post=10"}],"version-history":[{"count":10,"href":"https:\/\/www.pretterhofer-immo.at\/index.php?rest_route=\/wp\/v2\/pages\/10\/revisions"}],"predecessor-version":[{"id":190,"href":"https:\/\/www.pretterhofer-immo.at\/index.php?rest_route=\/wp\/v2\/pages\/10\/revisions\/190"}],"wp:attachment":[{"href":"https:\/\/www.pretterhofer-immo.at\/index.php?rest_route=%2Fwp%2Fv2%2Fmedia&parent=10"}],"curies":[{"name":"wp","href":"https:\/\/api.w.org\/{rel}","templated":true}]}}